{"id":1160,"date":"2014-05-19T18:36:23","date_gmt":"2014-05-19T16:36:23","guid":{"rendered":"http:\/\/www.linkaudit.it\/?page_id=1160"},"modified":"2022-09-04T22:09:15","modified_gmt":"2022-09-04T20:09:15","slug":"advisory","status":"publish","type":"page","link":"https:\/\/www.linkaudit.it\/it\/aree-attivita\/advisory\/","title":{"rendered":"Audit, Forensic  &#038; Investigation"},"content":{"rendered":"<div data-elementor-type=\"wp-page\" data-elementor-id=\"1160\" class=\"elementor elementor-1160\">\n\t\t\t\t\t\t<section class=\"elementor-section elementor-top-section elementor-element elementor-element-5ac5bdf elementor-section-boxed elementor-section-height-default elementor-section-height-default\" data-id=\"5ac5bdf\" data-element_type=\"section\">\n\t\t\t\t\t\t<div class=\"elementor-container elementor-column-gap-default\">\n\t\t\t\t\t<div class=\"elementor-column elementor-col-100 elementor-top-column elementor-element elementor-element-09222d6\" data-id=\"09222d6\" data-element_type=\"column\">\n\t\t\t<div class=\"elementor-widget-wrap elementor-element-populated\">\n\t\t\t\t\t\t<div class=\"elementor-element elementor-element-b77e6c1 elementor-widget elementor-widget-text-editor\" data-id=\"b77e6c1\" data-element_type=\"widget\" data-widget_type=\"text-editor.default\">\n\t\t\t\t<div class=\"elementor-widget-container\">\n\t\t\t\t\t\t\t\t\t<ul><li class=\"O0\"><p>Revisione contabile su base volontaria per societ\u00e0 private e pubbliche<\/p><\/li><li class=\"O0\"><p>Revisione Legale societ\u00e0 non EIP e non ERI<\/p><\/li><li class=\"O0\"><p>Procedure di verifica concordate ( Societ\u00e0 private e pubbliche)<\/p><\/li><li class=\"O0\"><p>Revisione limitata Dichiarazione Non Finanziaria (Bilancio di Sostenibilit\u00e0 o Bilancio Sociale)<\/p><\/li><li class=\"O0\"><p>Revisione Reporting Package<\/p><\/li><li class=\"O0\"><p>Revisione di situazioni contabili intermedie redatte a fini informativi interni ed esterni<\/p><\/li><li class=\"O0\"><p>Due Diligence contabili e finanziarie<\/p><\/li><li class=\"O0\"><p>Attivit\u00e0 investigativa su frodi e data Analytics<\/p><\/li><li class=\"O0\"><p>Risk Assessment per sistemi anticorruzione e frode<\/p><\/li><li class=\"O0\"><p>Supporto alle liti in materia contabile<\/p><\/li><\/ul>\t\t\t\t\t\t\t\t<\/div>\n\t\t\t\t<\/div>\n\t\t\t\t\t<\/div>\n\t\t<\/div>\n\t\t\t\t\t<\/div>\n\t\t<\/section>\n\t\t\t\t<\/div>","protected":false},"excerpt":{"rendered":"<p>Revisione contabile su base volontaria per societ\u00e0 private e pubbliche Revisione Legale societ\u00e0 non EIP e non ERI Procedure di verifica concordate ( Societ\u00e0 private e pubbliche) Revisione limitata Dichiarazione Non Finanziaria (Bilancio di Sostenibilit\u00e0 o Bilancio Sociale) Revisione Reporting Package Revisione di situazioni contabili intermedie redatte a fini informativi interni ed esterni Due Diligence &hellip; <\/p>\n<p class=\"link-more\"><a href=\"https:\/\/www.linkaudit.it\/it\/aree-attivita\/advisory\/\" class=\"more-link\">Read More <span class=\"screen-reader-text\"> &#8220;Audit, Forensic  &#038; Investigation&#8221;<\/span><\/a><\/p>","protected":false},"author":2,"featured_media":0,"parent":66,"menu_order":0,"comment_status":"closed","ping_status":"closed","template":"","meta":{"inline_featured_image":false,"footnotes":""},"class_list":["post-1160","page","type-page","status-publish","hentry"],"_links":{"self":[{"href":"https:\/\/www.linkaudit.it\/it\/wp-json\/wp\/v2\/pages\/1160","targetHints":{"allow":["GET"]}}],"collection":[{"href":"https:\/\/www.linkaudit.it\/it\/wp-json\/wp\/v2\/pages"}],"about":[{"href":"https:\/\/www.linkaudit.it\/it\/wp-json\/wp\/v2\/types\/page"}],"author":[{"embeddable":true,"href":"https:\/\/www.linkaudit.it\/it\/wp-json\/wp\/v2\/users\/2"}],"replies":[{"embeddable":true,"href":"https:\/\/www.linkaudit.it\/it\/wp-json\/wp\/v2\/comments?post=1160"}],"version-history":[{"count":11,"href":"https:\/\/www.linkaudit.it\/it\/wp-json\/wp\/v2\/pages\/1160\/revisions"}],"predecessor-version":[{"id":2611,"href":"https:\/\/www.linkaudit.it\/it\/wp-json\/wp\/v2\/pages\/1160\/revisions\/2611"}],"up":[{"embeddable":true,"href":"https:\/\/www.linkaudit.it\/it\/wp-json\/wp\/v2\/pages\/66"}],"wp:attachment":[{"href":"https:\/\/www.linkaudit.it\/it\/wp-json\/wp\/v2\/media?parent=1160"}],"curies":[{"name":"wp","href":"https:\/\/api.w.org\/{rel}","templated":true}]}}