{"id":1128,"date":"2014-05-19T17:08:54","date_gmt":"2014-05-19T15:08:54","guid":{"rendered":"http:\/\/www.linkaudit.it\/?page_id=1128"},"modified":"2022-09-04T21:56:20","modified_gmt":"2022-09-04T19:56:20","slug":"revisione-contabile","status":"publish","type":"page","link":"https:\/\/www.linkaudit.it\/it\/aree-attivita\/revisione-contabile\/","title":{"rendered":"Governance  &#038; Risk"},"content":{"rendered":"<ul>\n<li class=\"O0\">Management on demand (CFO e Dirigenza Generale)<\/li>\n<li class=\"O0\"><span style=\"font-size: 1rem;\">Analisi organizzativa dell\u2019area amministrativa e supporto formativo al personale amministrativo (Con metodologia Organizational Learning) e Progetti di Soft Skills<\/span><\/li>\n<li class=\"O0\"><span style=\"font-size: 1rem;\">Strutturazione delle procedure amministrative ed affiancamento nel processo di organizzazione contabile Pre-IPO per il Dirigente Preposto<\/span><\/li>\n<li class=\"O0\"><span style=\"font-size: 1rem;\">Supporto in sistemi di Risk Management (Procedure aziendali e Modelli 231) finalizzati al rispetto dell&#8217;art.2086 secondo comma c.c.<\/span><\/li>\n<li class=\"O0\"><span style=\"font-size: 1rem;\">Servizi di Internal Audit per il settore pubblico e privato<\/span><\/li>\n<li class=\"O0\"><span style=\"font-size: 1rem;\">Sviluppo programmi per sistemi di Anti-corruzione e compliance<\/span><\/li>\n<li class=\"O0\"><span style=\"font-size: 1rem;\">Assistenza alla soluzione di problematiche tecniche contabili<\/span><\/li>\n<li class=\"O0\"><span style=\"font-size: 1rem;\">Sviluppo di procedure e manuali per l&#8217;esercizio della attivit\u00e0 di direzione e coordinamento sia per societ\u00e0 pubbliche che per societ\u00e0 private<\/span><\/li>\n<li class=\"O0\"><span style=\"font-size: 1rem;\">Management letter con suggerimenti sulle carenze del sistema di controllo interno<\/span><\/li>\n<\/ul>","protected":false},"excerpt":{"rendered":"<p>Management on demand (CFO e Dirigenza Generale) Analisi organizzativa dell\u2019area amministrativa e supporto formativo al personale amministrativo (Con metodologia Organizational Learning) e Progetti di Soft Skills Strutturazione delle procedure amministrative ed affiancamento nel processo di organizzazione contabile Pre-IPO per il Dirigente Preposto Supporto in sistemi di Risk Management (Procedure aziendali e Modelli 231) finalizzati al &hellip; <\/p>\n<p class=\"link-more\"><a href=\"https:\/\/www.linkaudit.it\/it\/aree-attivita\/revisione-contabile\/\" class=\"more-link\">Read More <span class=\"screen-reader-text\"> &#8220;Governance  &#038; Risk&#8221;<\/span><\/a><\/p>","protected":false},"author":2,"featured_media":0,"parent":66,"menu_order":0,"comment_status":"closed","ping_status":"closed","template":"","meta":{"inline_featured_image":false,"footnotes":""},"class_list":["post-1128","page","type-page","status-publish","hentry"],"_links":{"self":[{"href":"https:\/\/www.linkaudit.it\/it\/wp-json\/wp\/v2\/pages\/1128","targetHints":{"allow":["GET"]}}],"collection":[{"href":"https:\/\/www.linkaudit.it\/it\/wp-json\/wp\/v2\/pages"}],"about":[{"href":"https:\/\/www.linkaudit.it\/it\/wp-json\/wp\/v2\/types\/page"}],"author":[{"embeddable":true,"href":"https:\/\/www.linkaudit.it\/it\/wp-json\/wp\/v2\/users\/2"}],"replies":[{"embeddable":true,"href":"https:\/\/www.linkaudit.it\/it\/wp-json\/wp\/v2\/comments?post=1128"}],"version-history":[{"count":4,"href":"https:\/\/www.linkaudit.it\/it\/wp-json\/wp\/v2\/pages\/1128\/revisions"}],"predecessor-version":[{"id":2600,"href":"https:\/\/www.linkaudit.it\/it\/wp-json\/wp\/v2\/pages\/1128\/revisions\/2600"}],"up":[{"embeddable":true,"href":"https:\/\/www.linkaudit.it\/it\/wp-json\/wp\/v2\/pages\/66"}],"wp:attachment":[{"href":"https:\/\/www.linkaudit.it\/it\/wp-json\/wp\/v2\/media?parent=1128"}],"curies":[{"name":"wp","href":"https:\/\/api.w.org\/{rel}","templated":true}]}}