{"id":10,"date":"2018-12-20T03:21:48","date_gmt":"2018-12-20T03:21:48","guid":{"rendered":"http:\/\/source.wpopal.com\/maisonco\/?page_id=10"},"modified":"2022-09-04T21:01:26","modified_gmt":"2022-09-04T19:01:26","slug":"about-us","status":"publish","type":"page","link":"https:\/\/www.linkaudit.it\/it\/about-us\/","title":{"rendered":"About Us"},"content":{"rendered":"<div data-elementor-type=\"wp-post\" data-elementor-id=\"10\" class=\"elementor elementor-10\">\n\t\t\t\t\t\t<section class=\"elementor-section elementor-top-section elementor-element elementor-element-c7d1df9 elementor-section-full_width elementor-section-stretched elementor-section-height-default elementor-section-height-default\" data-id=\"c7d1df9\" data-element_type=\"section\" data-settings=\"{&quot;stretch_section&quot;:&quot;section-stretched&quot;}\">\n\t\t\t\t\t\t<div class=\"elementor-container elementor-column-gap-default\">\n\t\t\t\t\t<div class=\"elementor-column elementor-col-33 elementor-top-column elementor-element elementor-element-91e699f\" data-id=\"91e699f\" data-element_type=\"column\">\n\t\t\t<div class=\"elementor-widget-wrap elementor-element-populated\">\n\t\t\t\t\t\t<div class=\"elementor-element elementor-element-1df0fde elementor-invisible elementor-widget elementor-widget-image\" data-id=\"1df0fde\" data-element_type=\"widget\" data-settings=\"{&quot;_animation&quot;:&quot;fadeInLeft&quot;}\" data-widget_type=\"image.default\">\n\t\t\t\t<div class=\"elementor-widget-container\">\n\t\t\t\t\t\t\t\t\t\t\t\t\t\t\t<img fetchpriority=\"high\" decoding=\"async\" width=\"1620\" height=\"1080\" src=\"https:\/\/www.linkaudit.it\/wp-content\/uploads\/2014\/07\/shutterstock_145160692.jpg\" class=\"attachment-2048x2048 size-2048x2048 wp-image-1199\" alt=\"\" srcset=\"https:\/\/www.linkaudit.it\/wp-content\/uploads\/2014\/07\/shutterstock_145160692.jpg 1620w, https:\/\/www.linkaudit.it\/wp-content\/uploads\/2014\/07\/shutterstock_145160692-300x200.jpg 300w, https:\/\/www.linkaudit.it\/wp-content\/uploads\/2014\/07\/shutterstock_145160692-768x512.jpg 768w, https:\/\/www.linkaudit.it\/wp-content\/uploads\/2014\/07\/shutterstock_145160692-1024x683.jpg 1024w, https:\/\/www.linkaudit.it\/wp-content\/uploads\/2014\/07\/shutterstock_145160692-400x267.jpg 400w\" sizes=\"(max-width: 1620px) 100vw, 1620px\" \/>\t\t\t\t\t\t\t\t\t\t\t\t\t\t\t<\/div>\n\t\t\t\t<\/div>\n\t\t\t\t\t<\/div>\n\t\t<\/div>\n\t\t\t\t<div class=\"elementor-column elementor-col-66 elementor-top-column elementor-element elementor-element-cbd5a3f elementor-invisible\" data-id=\"cbd5a3f\" data-element_type=\"column\" data-settings=\"{&quot;animation&quot;:&quot;fadeInDown&quot;}\">\n\t\t\t<div class=\"elementor-widget-wrap elementor-element-populated\">\n\t\t\t\t\t\t<div class=\"elementor-element elementor-element-edddcab elementor-widget elementor-widget-heading\" data-id=\"edddcab\" data-element_type=\"widget\" data-widget_type=\"heading.default\">\n\t\t\t\t<div class=\"elementor-widget-container\">\n\t\t\t\t\t<div class=\"elementor-heading-title elementor-size-large\">Chi siamo<\/div>\t\t\t\t<\/div>\n\t\t\t\t<\/div>\n\t\t\t\t<div class=\"elementor-element elementor-element-c9cbb6d elementor-widget elementor-widget-text-editor\" data-id=\"c9cbb6d\" data-element_type=\"widget\" data-widget_type=\"text-editor.default\">\n\t\t\t\t<div class=\"elementor-widget-container\">\n\t\t\t\t\t\t\t\t\t<p style=\"caret-color: #000000; color: #000000; line-height: normal; margin: 0pt 0in; text-align: justify; direction: ltr; unicode-bidi: embed;\"><span style=\"font-size: 11pt; font-family: Montserrat; font-variant-ligatures: normal; font-variant-east-asian: normal; font-variant-position: normal; color: #002060;\">\u00a0<\/span><\/p><p style=\"caret-color: #000000; color: #000000; line-height: normal; margin: 0pt 0in; text-align: justify; direction: ltr; unicode-bidi: embed;\"><span style=\"font-size: 11pt; font-family: Montserrat; font-variant-ligatures: normal; font-variant-east-asian: normal; font-variant-position: normal; color: #002060;\">Link Audit, societ\u00e0 di revisione ed organizzazione contabile, \u00e8\u00a0<\/span><span style=\"font-size: 11pt; font-family: Montserrat; font-variant-ligatures: normal; font-variant-east-asian: normal; font-variant-position: normal; color: #002060;\">iscritta\u00a0<\/span><span style=\"font-size: 11pt; font-family: Montserrat; font-variant-ligatures: normal; font-variant-east-asian: normal; font-variant-position: normal; color: #002060;\">al n.169403 del Registro dei Revisori Legali, aderisce ad Integra International, network internazionale che riunisce oltre 5000 mila professionisti presenti in oltre 70 Paesi<\/span><span style=\"font-size: 11pt; font-family: Montserrat; font-variant-ligatures: normal; font-variant-east-asian: normal; font-variant-position: normal; color: #002060;\">.\u00a0<\/span><\/p><p style=\"caret-color: #000000; color: #000000; line-height: normal; margin-top: 0pt; margin-bottom: 0pt; margin-right: 0in; text-align: justify; direction: ltr; unicode-bidi: embed;\"><span style=\"font-size: 11pt; font-family: Montserrat; font-variant-ligatures: normal; font-variant-east-asian: normal; font-variant-position: normal; color: #002060;\">\u00a0<\/span><\/p><p style=\"caret-color: #000000; color: #000000; line-height: normal; margin-top: 0pt; margin-bottom: 0pt; margin-right: 0in; text-align: justify; direction: ltr; unicode-bidi: embed;\"><span style=\"font-size: 11pt; font-family: Montserrat; font-variant-ligatures: normal; font-variant-east-asian: normal; font-variant-position: normal; color: #002060;\">Siamo presenti in diverse citt\u00e0 italiane attraverso uffici diretti o gli uffici dei nostri partner. La diversit\u00e0 \u00e8 parte della nostra identit\u00e0. Le nostre competenze sono completa e dinamiche come quelle dei nostri clienti.<\/span><\/p>\t\t\t\t\t\t\t\t<\/div>\n\t\t\t\t<\/div>\n\t\t\t\t\t<\/div>\n\t\t<\/div>\n\t\t\t\t\t<\/div>\n\t\t<\/section>\n\t\t\t\t<section class=\"elementor-section elementor-top-section elementor-element elementor-element-4daa556 elementor-section-full_width elementor-section-stretched elementor-section-height-default elementor-section-height-default\" data-id=\"4daa556\" data-element_type=\"section\" data-settings=\"{&quot;stretch_section&quot;:&quot;section-stretched&quot;}\">\n\t\t\t\t\t\t<div class=\"elementor-container elementor-column-gap-default\">\n\t\t\t\t\t<div class=\"elementor-column elementor-col-66 elementor-top-column elementor-element elementor-element-04bdcf3 elementor-invisible\" data-id=\"04bdcf3\" data-element_type=\"column\" data-settings=\"{&quot;animation&quot;:&quot;fadeInDown&quot;}\">\n\t\t\t<div class=\"elementor-widget-wrap elementor-element-populated\">\n\t\t\t\t\t\t<div class=\"elementor-element elementor-element-e259a13 elementor-widget elementor-widget-heading\" data-id=\"e259a13\" data-element_type=\"widget\" data-widget_type=\"heading.default\">\n\t\t\t\t<div class=\"elementor-widget-container\">\n\t\t\t\t\t<div class=\"elementor-heading-title elementor-size-large\">Il nostro approccio<\/div>\t\t\t\t<\/div>\n\t\t\t\t<\/div>\n\t\t\t\t<div class=\"elementor-element elementor-element-868ba0c elementor-widget elementor-widget-text-editor\" data-id=\"868ba0c\" data-element_type=\"widget\" data-widget_type=\"text-editor.default\">\n\t\t\t\t<div class=\"elementor-widget-container\">\n\t\t\t\t\t\t\t\t\t<p style=\"caret-color: #000000; color: #000000; line-height: normal; margin-top: 0pt; margin-bottom: 0pt; margin-right: 0in; text-align: justify; direction: ltr; unicode-bidi: embed;\"><span style=\"color: #002060; font-family: Montserrat; font-size: 11pt;\">\u00a0<\/span><\/p><p style=\"caret-color: #000000; color: #000000; line-height: normal; margin-top: 0pt; margin-bottom: 0pt; margin-right: 0in; text-align: justify; direction: ltr; unicode-bidi: embed;\"><span style=\"color: #002060; font-family: Montserrat; font-size: 11pt;\">Il nostro approccio \u00e8 caratterizzato da una molteplicit\u00e0 di servizi professionali offerti a clienti operanti in diversi settori industriali.\u00a0<\/span><\/p><p style=\"caret-color: #000000; color: #000000; line-height: normal; margin-top: 0pt; margin-bottom: 0pt; margin-right: 0in; text-align: justify; direction: ltr; unicode-bidi: embed;\"><span style=\"font-size: 11pt; font-family: Montserrat; font-variant-ligatures: normal; font-variant-east-asian: normal; font-variant-position: normal; color: #002060;\">\u00a0<\/span><\/p><p style=\"caret-color: #000000; color: #000000; line-height: normal; margin-top: 0pt; margin-bottom: 0pt; margin-right: 0in; text-align: justify; direction: ltr; unicode-bidi: embed;\"><span style=\"font-size: 11pt; font-family: Montserrat; font-variant-ligatures: normal; font-variant-east-asian: normal; font-variant-position: normal; color: #002060;\">Attraverso le nostre linee di servizi integrati aiutiamo i nostri clienti a cogliere nuove opportunit\u00e0 e valutare e gestire il rischio correlato<\/span><span style=\"font-size: 11pt; font-family: Montserrat; font-variant-ligatures: normal; font-variant-east-asian: normal; font-variant-position: normal; color: #002060;\">.\u00a0<\/span><span style=\"font-size: 11pt; font-family: Montserrat; font-variant-ligatures: normal; font-variant-east-asian: normal; font-variant-position: normal; color: #002060;\">Ci rivolgiamo a Clienti dinamici, sia del settore privato che pubblico, capaci di innovare e di crescere come noi stessi.\u00a0<\/span><\/p>\t\t\t\t\t\t\t\t<\/div>\n\t\t\t\t<\/div>\n\t\t\t\t\t<\/div>\n\t\t<\/div>\n\t\t\t\t<div class=\"elementor-column elementor-col-33 elementor-top-column elementor-element elementor-element-6d6c38a\" data-id=\"6d6c38a\" data-element_type=\"column\">\n\t\t\t<div class=\"elementor-widget-wrap elementor-element-populated\">\n\t\t\t\t\t\t<div class=\"elementor-element elementor-element-7830a78 elementor-invisible elementor-widget elementor-widget-image\" data-id=\"7830a78\" data-element_type=\"widget\" data-settings=\"{&quot;_animation&quot;:&quot;fadeInRight&quot;}\" data-widget_type=\"image.default\">\n\t\t\t\t<div class=\"elementor-widget-container\">\n\t\t\t\t\t\t\t\t\t\t\t\t\t\t\t<img decoding=\"async\" width=\"2048\" height=\"1152\" src=\"https:\/\/www.linkaudit.it\/wp-content\/uploads\/2022\/09\/future_leaders-2048x1152.png\" class=\"attachment-2048x2048 size-2048x2048 wp-image-2587\" alt=\"\" srcset=\"https:\/\/www.linkaudit.it\/wp-content\/uploads\/2022\/09\/future_leaders-2048x1152.png 2048w, https:\/\/www.linkaudit.it\/wp-content\/uploads\/2022\/09\/future_leaders-300x169.png 300w, https:\/\/www.linkaudit.it\/wp-content\/uploads\/2022\/09\/future_leaders-1024x576.png 1024w, https:\/\/www.linkaudit.it\/wp-content\/uploads\/2022\/09\/future_leaders-768x432.png 768w, https:\/\/www.linkaudit.it\/wp-content\/uploads\/2022\/09\/future_leaders-1536x864.png 1536w, https:\/\/www.linkaudit.it\/wp-content\/uploads\/2022\/09\/future_leaders-18x10.png 18w, https:\/\/www.linkaudit.it\/wp-content\/uploads\/2022\/09\/future_leaders-400x225.png 400w\" sizes=\"(max-width: 2048px) 100vw, 2048px\" \/>\t\t\t\t\t\t\t\t\t\t\t\t\t\t\t<\/div>\n\t\t\t\t<\/div>\n\t\t\t\t\t<\/div>\n\t\t<\/div>\n\t\t\t\t\t<\/div>\n\t\t<\/section>\n\t\t\t\t<section class=\"elementor-section elementor-top-section elementor-element elementor-element-80a1a47 elementor-section-full_width elementor-section-stretched elementor-section-height-default elementor-section-height-default\" data-id=\"80a1a47\" data-element_type=\"section\" data-settings=\"{&quot;stretch_section&quot;:&quot;section-stretched&quot;}\">\n\t\t\t\t\t\t<div class=\"elementor-container elementor-column-gap-default\">\n\t\t\t\t\t<div class=\"elementor-column elementor-col-66 elementor-top-column elementor-element elementor-element-37af9c7\" data-id=\"37af9c7\" data-element_type=\"column\">\n\t\t\t<div class=\"elementor-widget-wrap elementor-element-populated\">\n\t\t\t\t\t\t<div class=\"elementor-element elementor-element-c54f3ff elementor-invisible elementor-widget elementor-widget-image\" data-id=\"c54f3ff\" data-element_type=\"widget\" data-settings=\"{&quot;_animation&quot;:&quot;fadeInLeft&quot;}\" data-widget_type=\"image.default\">\n\t\t\t\t<div class=\"elementor-widget-container\">\n\t\t\t\t\t\t\t\t\t\t\t\t\t\t\t<img decoding=\"async\" width=\"690\" height=\"354\" src=\"https:\/\/www.linkaudit.it\/wp-content\/uploads\/2013\/03\/riunione-e1550936658692.jpg\" class=\"attachment-2048x2048 size-2048x2048 wp-image-1917\" alt=\"\" srcset=\"https:\/\/www.linkaudit.it\/wp-content\/uploads\/2013\/03\/riunione-e1550936658692.jpg 690w, https:\/\/www.linkaudit.it\/wp-content\/uploads\/2013\/03\/riunione-e1550936658692-300x154.jpg 300w, https:\/\/www.linkaudit.it\/wp-content\/uploads\/2013\/03\/riunione-e1550936658692-400x205.jpg 400w\" sizes=\"(max-width: 690px) 100vw, 690px\" \/>\t\t\t\t\t\t\t\t\t\t\t\t\t\t\t<\/div>\n\t\t\t\t<\/div>\n\t\t\t\t\t<\/div>\n\t\t<\/div>\n\t\t\t\t<div class=\"elementor-column elementor-col-33 elementor-top-column elementor-element elementor-element-72704f4 elementor-invisible\" data-id=\"72704f4\" data-element_type=\"column\" data-settings=\"{&quot;animation&quot;:&quot;fadeInDown&quot;}\">\n\t\t\t<div class=\"elementor-widget-wrap elementor-element-populated\">\n\t\t\t\t\t\t<div class=\"elementor-element elementor-element-995539f elementor-widget elementor-widget-heading\" data-id=\"995539f\" data-element_type=\"widget\" data-widget_type=\"heading.default\">\n\t\t\t\t<div class=\"elementor-widget-container\">\n\t\t\t\t\t<div class=\"elementor-heading-title elementor-size-large\">La nostra organizzazione<\/div>\t\t\t\t<\/div>\n\t\t\t\t<\/div>\n\t\t\t\t<div class=\"elementor-element elementor-element-0861765 elementor-widget elementor-widget-text-editor\" data-id=\"0861765\" data-element_type=\"widget\" data-widget_type=\"text-editor.default\">\n\t\t\t\t<div class=\"elementor-widget-container\">\n\t\t\t\t\t\t\t\t\t<p style=\"caret-color: #000000; color: #000000; line-height: normal; margin-top: 0pt; margin-bottom: 0pt; margin-right: 0in; text-align: justify; direction: ltr; unicode-bidi: embed;\"><span style=\"font-size: 11pt; font-family: Montserrat; font-variant-ligatures: normal; font-variant-east-asian: normal; font-variant-position: normal; color: rgb(0, 32, 96);\">Link Audit \u00e8 organizzata per rispondere con celerit\u00e0 alle necessit\u00e0 e ai problemi dei nostri Clienti, tramite un&nbsp;<\/span><span style=\"font-size: 11pt; font-family: Montserrat; font-variant-ligatures: normal; font-variant-east-asian: normal; font-variant-position: normal; color: rgb(0, 32, 96);\">network di professionisti composto Partner, Associate Partner e Executive Associate ed Associate<\/span><span style=\"font-size: 11pt; font-family: Montserrat; font-variant-ligatures: normal; font-variant-east-asian: normal; font-variant-position: normal; color: rgb(0, 32, 96);\">.<\/span><br><\/p>\n<p><\/p>\n<p style=\"caret-color: #000000; color: #000000; line-height: normal; margin-top: 0pt; margin-bottom: 0pt; margin-right: 0in; text-align: justify; direction: ltr; unicode-bidi: embed;\"><span style=\"font-size: 11pt; font-family: Montserrat; font-variant-ligatures: normal; font-variant-east-asian: normal; font-variant-position: normal; color: #002060;\">I Partner e gli Associate Partner sono revisori esperti con pi\u00f9 di 15 anni di esperienza professionale con una vasta conoscenza delle problematiche aziendali. Le nostre persone hanno per scopo la qualit\u00e0 del lavoro, il coordinamento e la reciproca collaborazione che permettano alle organizzazioni Clienti di incrementare il proprio livello di trasparenza,&nbsp;&nbsp;affidabilit\u00e0 e credibilit\u00e0 nel proprio settore di riferimento. Il nostro sistema di governance e di qualit\u00e0 \u00e8 gestito e garantito dalla presenza di revisori contabili con oltre vent&#8217;anni di esperienza professionale sviluppata lavorando per le principali societ\u00e0 di revisione legale al mondo (Big&nbsp;<\/span><span style=\"font-size: 11pt; font-family: Montserrat; font-variant-ligatures: normal; font-variant-east-asian: normal; font-variant-position: normal; color: #002060;\">Four<\/span><span style=\"font-size: 11pt; font-family: Montserrat; font-variant-ligatures: normal; font-variant-east-asian: normal; font-variant-position: normal; color: #002060;\">).&nbsp;<\/span><\/p>\t\t\t\t\t\t\t\t<\/div>\n\t\t\t\t<\/div>\n\t\t\t\t\t<\/div>\n\t\t<\/div>\n\t\t\t\t\t<\/div>\n\t\t<\/section>\n\t\t\t\t<\/div>","protected":false},"excerpt":{"rendered":"<p>Chi siamo \u00a0 Link Audit, societ\u00e0 di revisione ed organizzazione contabile, \u00e8\u00a0iscritta\u00a0al n.169403 del Registro dei Revisori Legali, aderisce ad Integra International, network internazionale che riunisce oltre 5000 mila professionisti presenti in oltre 70 Paesi.\u00a0 \u00a0 Siamo presenti in diverse citt\u00e0 italiane attraverso uffici diretti o gli uffici dei nostri partner. La diversit\u00e0 \u00e8 parte &hellip; <\/p>\n<p class=\"link-more\"><a href=\"https:\/\/www.linkaudit.it\/it\/about-us\/\" class=\"more-link\">Read More <span class=\"screen-reader-text\"> &#8220;About Us&#8221;<\/span><\/a><\/p>","protected":false},"author":2,"featured_media":0,"parent":0,"menu_order":0,"comment_status":"closed","ping_status":"closed","template":"page-elementor.php","meta":{"inline_featured_image":false,"footnotes":""},"class_list":["post-10","page","type-page","status-publish","hentry"],"_links":{"self":[{"href":"https:\/\/www.linkaudit.it\/it\/wp-json\/wp\/v2\/pages\/10","targetHints":{"allow":["GET"]}}],"collection":[{"href":"https:\/\/www.linkaudit.it\/it\/wp-json\/wp\/v2\/pages"}],"about":[{"href":"https:\/\/www.linkaudit.it\/it\/wp-json\/wp\/v2\/types\/page"}],"author":[{"embeddable":true,"href":"https:\/\/www.linkaudit.it\/it\/wp-json\/wp\/v2\/users\/2"}],"replies":[{"embeddable":true,"href":"https:\/\/www.linkaudit.it\/it\/wp-json\/wp\/v2\/comments?post=10"}],"version-history":[{"count":18,"href":"https:\/\/www.linkaudit.it\/it\/wp-json\/wp\/v2\/pages\/10\/revisions"}],"predecessor-version":[{"id":2592,"href":"https:\/\/www.linkaudit.it\/it\/wp-json\/wp\/v2\/pages\/10\/revisions\/2592"}],"wp:attachment":[{"href":"https:\/\/www.linkaudit.it\/it\/wp-json\/wp\/v2\/media?parent=10"}],"curies":[{"name":"wp","href":"https:\/\/api.w.org\/{rel}","templated":true}]}}